{"id":2786,"date":"2025-08-18T09:12:46","date_gmt":"2025-08-18T09:12:46","guid":{"rendered":"https:\/\/vietsmartart.vn\/?product=van-mieu-quoc-tu-giam-45-x-60cm-acrylic"},"modified":"2025-08-18T11:42:25","modified_gmt":"2025-08-18T11:42:25","slug":"van-mieu-quoc-tu-giam-45-x-60cm-acrylic","status":"publish","type":"product","link":"https:\/\/vietsmartart.vn\/?product=van-mieu-quoc-tu-giam-45-x-60cm-acrylic","title":{"rendered":"&#8220;V\u0103n Mi\u1ebfu Qu\u1ed1c T\u1eed Gi\u00e1m&#8221; | 45 x 60cm | Acrylic"},"content":{"rendered":"<p>M\u1ed9t tuy\u1ec7t ph\u1ea9m v\u1ebd tay t\u00e1i hi\u1ec7n V\u0103n Mi\u1ebfu Qu\u1ed1c T\u1eed Gi\u00e1m \u2013 bi\u1ec3u t\u01b0\u1ee3ng c\u1ee7a tr\u00ed tu\u1ec7 v\u00e0 tinh th\u1ea7n hi\u1ebfu h\u1ecdc Vi\u1ec7t Nam. D\u01b0\u1edbi phong c\u00e1ch D\u00e3 th\u00fa (Fauvism) \u0111\u1ea7y m\u00e0u s\u1eafc v\u00e0 c\u1ea3m x\u00fac, b\u1ee9c tranh tr\u1edf n\u00ean s\u1ed1ng \u0111\u1ed9ng nh\u01b0 th\u1ec3 ta \u0111ang b\u01b0\u1edbc v\u00e0o kh\u00f4ng gian linh thi\u00eang gi\u1eefa s\u1eafc xanh c\u1ed5 th\u1ee5, m\u00e1i ng\u00f3i r\u00eau phong v\u00e0 \u00e1nh n\u1eafng lung linh r\u1ecdi qua t\u1eebng m\u00e1i v\u00f2m.<\/p>\n<p>T\u1eebng n\u00e9t c\u1ecd r\u1ef1c r\u1ee1, t\u00e1o b\u1ea1o nh\u01b0ng tr\u00e0n \u0111\u1ea7y chi\u1ec1u s\u00e2u \u0111\u00e3 th\u1ed5i h\u1ed3n hi\u1ec7n \u0111\u1ea1i v\u00e0o m\u1ed9t c\u00f4ng tr\u00ecnh l\u1ecbch s\u1eed, khi\u1ebfn t\u00e1c ph\u1ea9m v\u1eeba mang n\u00e9t c\u1ed5 k\u00ednh v\u1eeba mang nh\u1ecbp th\u1edf c\u1ee7a ngh\u1ec7 thu\u1eadt \u0111\u01b0\u01a1ng \u0111\u1ea1i.<\/p>\n<p>\u2728 \u0110\u1eb6C \u0110I\u1ec2M N\u1ed4I B\u1eacT:<br \/>\n\u2705 **T\u00e1c ph\u1ea9m \u0111\u1ed9c b\u1ea3n duy nh\u1ea5t**: VietSmart cam k\u1ebft ch\u1ec9 v\u1ebd m\u1ed9t s\u1ea3n ph\u1ea9m DUY NH\u1ea4T \u0111\u1ea3m b\u1ea3o quy\u1ec1n s\u1edf h\u1eefu t\u00e1c ph\u1ea9m ngh\u1ec7 thu\u1eadt c\u1ee7a kh\u00e1ch h\u00e0ng.<br \/>\n\u2705 **K\u1ebft h\u1ee3p AI &#038; ngh\u1ec7 thu\u1eadt th\u1ee7 c\u00f4ng**: S\u1ea3n ph\u1ea9m ho\u00e0n thi\u1ec7n theo \u0111\u01a1n \u0111\u1eb7t h\u00e0ng. T\u00e1c ph\u1ea9m \u0111\u01b0\u1ee3c s\u00e1ng t\u00e1c v\u00e0 c\u00e1 nh\u00e2n h\u00f3a b\u1eb1ng ph\u1ea7n m\u1ec1m Tr\u00ed tu\u1ec7 nh\u00e2n t\u1ea1o (AI) ti\u00ean ti\u1ebfn v\u00e0 \u0111\u01b0\u1ee3c v\u1ebd tay, ho\u00e0n thi\u1ec7n b\u1edfi h\u1ecda s\u0129.<br \/>\n\u2705 **Ch\u1ea5t l\u01b0\u1ee3ng ngh\u1ec7 thu\u1eadt cao**: T\u00e1c ph\u1ea9m \u0111\u01b0\u1ee3c v\u1ebd tay t\u1ef7 m\u1ef7 b\u1eb1ng ch\u1ea5t li\u1ec7u cao c\u1ea5p, c\u00f3 th\u1ec3 l\u01b0u gi\u1eef l\u00e2u d\u00e0i, gi\u00e1 tr\u1ecb gia t\u0103ng theo th\u1eddi gian.<br \/>\n\u2705 **Ph\u00f9 h\u1ee3p tr\u01b0ng b\u00e0y, l\u00e0m qu\u00e0 t\u1eb7ng, ho\u1eb7c s\u01b0u t\u1ea7m ngh\u1ec7 thu\u1eadt.**<br \/>\n\u2705 ** Ch\u1ee9ng nh\u1eadn b\u1ea3n quy\u1ec1n**: VietSmart cung c\u1ea5p gi\u1ea5y ch\u1ee9ng nh\u1eadn b\u1ea3n quy\u1ec1n cho t\u1eebng t\u00e1c ph\u1ea9m.<br \/>\n\u2705 ** B\u1ea3o h\u00e0nh 12 th\u00e1ng.**<\/p>\n<p>*** L\u01afU \u00dd: H\u00ecnh \u1ea3nh s\u1ea3n ph\u1ea9m ch\u1ec9 mang t\u00ednh minh h\u1ecda. VietSmart cam k\u1ebft s\u1ea3n ph\u1ea9m ho\u00e0n thi\u1ec7n gi\u1ed1ng v\u1edbi h\u00ecnh \u1ea3nh minh h\u1ecda t\u1eeb 90 &#8211; 100%. S\u1ea3n ph\u1ea9m cu\u1ed1i c\u00f9ng KH\u00d4NG bao g\u1ed3m khung tranh. C\u00f3 k\u00e8m theo ph\u1ee5 ki\u1ec7n \u0111\u1ec3 treo tranh tr\u1ef1c ti\u1ebfp l\u00ean t\u01b0\u1eddng. <\/p>\n","protected":false},"excerpt":{"rendered":"<p>M\u1ed9t tuy\u1ec7t ph\u1ea9m v\u1ebd tay t\u00e1i hi\u1ec7n V\u0103n Mi\u1ebfu Qu\u1ed1c T\u1eed Gi\u00e1m \u2013 bi\u1ec3u t\u01b0\u1ee3ng c\u1ee7a tr\u00ed tu\u1ec7 v\u00e0 tinh th\u1ea7n hi\u1ebfu h\u1ecdc Vi\u1ec7t Nam. D\u01b0\u1edbi phong c\u00e1ch D\u00e3 th\u00fa (Fauvism) \u0111\u1ea7y m\u00e0u s\u1eafc v\u00e0 c\u1ea3m x\u00fac, b\u1ee9c tranh tr\u1edf n\u00ean s\u1ed1ng \u0111\u1ed9ng nh\u01b0 th\u1ec3 ta \u0111ang b\u01b0\u1edbc v\u00e0o kh\u00f4ng gian linh thi\u00eang gi\u1eefa s\u1eafc xanh c\u1ed5 th\u1ee5, m\u00e1i ng\u00f3i r\u00eau phong v\u00e0 \u00e1nh n\u1eafng lung linh r\u1ecdi qua t\u1eebng m\u00e1i v\u00f2m.<\/p>\n<p>T\u1eebng n\u00e9t c\u1ecd r\u1ef1c r\u1ee1, t\u00e1o b\u1ea1o nh\u01b0ng tr\u00e0n \u0111\u1ea7y chi\u1ec1u s\u00e2u \u0111\u00e3 th\u1ed5i h\u1ed3n hi\u1ec7n \u0111\u1ea1i v\u00e0o m\u1ed9t c\u00f4ng tr\u00ecnh l\u1ecbch s\u1eed, khi\u1ebfn t\u00e1c ph\u1ea9m v\u1eeba mang n\u00e9t c\u1ed5 k\u00ednh v\u1eeba mang nh\u1ecbp th\u1edf c\u1ee7a ngh\u1ec7 thu\u1eadt \u0111\u01b0\u01a1ng \u0111\u1ea1i.<\/p>\n","protected":false},"featured_media":2710,"template":"","meta":{"content-type":""},"product_brand":[],"product_cat":[89],"product_tag":[],"class_list":{"0":"post-2786","1":"product","2":"type-product","3":"status-publish","4":"has-post-thumbnail","6":"product_cat-hanoilandscapes","8":"first","9":"instock","10":"featured","11":"taxable","12":"shipping-taxable","13":"purchasable","14":"product-type-simple"},"jetpack_sharing_enabled":true,"_links":{"self":[{"href":"https:\/\/vietsmartart.vn\/index.php?rest_route=\/wp\/v2\/product\/2786","targetHints":{"allow":["GET"]}}],"collection":[{"href":"https:\/\/vietsmartart.vn\/index.php?rest_route=\/wp\/v2\/product"}],"about":[{"href":"https:\/\/vietsmartart.vn\/index.php?rest_route=\/wp\/v2\/types\/product"}],"wp:featuredmedia":[{"embeddable":true,"href":"https:\/\/vietsmartart.vn\/index.php?rest_route=\/wp\/v2\/media\/2710"}],"wp:attachment":[{"href":"https:\/\/vietsmartart.vn\/index.php?rest_route=%2Fwp%2Fv2%2Fmedia&parent=2786"}],"wp:term":[{"taxonomy":"product_brand","embeddable":true,"href":"https:\/\/vietsmartart.vn\/index.php?rest_route=%2Fwp%2Fv2%2Fproduct_brand&post=2786"},{"taxonomy":"product_cat","embeddable":true,"href":"https:\/\/vietsmartart.vn\/index.php?rest_route=%2Fwp%2Fv2%2Fproduct_cat&post=2786"},{"taxonomy":"product_tag","embeddable":true,"href":"https:\/\/vietsmartart.vn\/index.php?rest_route=%2Fwp%2Fv2%2Fproduct_tag&post=2786"}],"curies":[{"name":"wp","href":"https:\/\/api.w.org\/{rel}","templated":true}]}}