{"id":2806,"date":"2025-08-18T09:13:31","date_gmt":"2025-08-18T09:13:31","guid":{"rendered":"https:\/\/vietsmartart.vn\/?product=thap-rua-o-ho-guom-2-60-x-90cm-acrylic"},"modified":"2025-08-18T11:42:33","modified_gmt":"2025-08-18T11:42:33","slug":"thap-rua-o-ho-guom-2-60-x-90cm-acrylic","status":"publish","type":"product","link":"https:\/\/vietsmartart.vn\/?product=thap-rua-o-ho-guom-2-60-x-90cm-acrylic","title":{"rendered":"&#8220;Th\u00e1p R\u00f9a \u1ede H\u1ed3 G\u01b0\u01a1m 2&#8221; | 60 x 90cm | Acrylic"},"content":{"rendered":"<p>Mang \u0111\u1eadm phong c\u00e1ch hi\u1ec7n th\u1ef1c, b\u1ee9c tranh t\u00e1i hi\u1ec7n Th\u00e1p R\u00f9a c\u1ed5 k\u00ednh soi b\u00f3ng xu\u1ed1ng m\u1eb7t n\u01b0\u1edbc H\u1ed3 G\u01b0\u01a1m trong kho\u1ea3nh kh\u1eafc ho\u00e0ng h\u00f4n huy\u1ec1n \u1ea3o. T\u1eebng m\u1ea3ng c\u00e2y, l\u00e0n n\u01b0\u1edbc, \u00e1nh s\u00e1ng v\u00e0 b\u00f3ng ph\u1ea3n chi\u1ebfu \u0111\u1ec1u \u0111\u01b0\u1ee3c th\u1ec3 hi\u1ec7n m\u1ed9t c\u00e1ch tinh x\u1ea3o, s\u1ed1ng \u0111\u1ed9ng nh\u01b0 th\u1eadt. \u0110\u00e2y kh\u00f4ng ch\u1ec9 l\u00e0 m\u1ed9t t\u00e1c ph\u1ea9m ngh\u1ec7 thu\u1eadt, m\u00e0 c\u00f2n l\u00e0 bi\u1ec3u t\u01b0\u1ee3ng v\u0103n h\u00f3a \u2013 l\u1ecbch s\u1eed linh thi\u00eang g\u1eafn b\u00f3 v\u1edbi tr\u00e1i tim ng\u01b0\u1eddi H\u00e0 N\u1ed9i.<\/p>\n<p>Ph\u00f9 h\u1ee3p \u0111\u1ec3 treo t\u1ea1i ph\u00f2ng kh\u00e1ch, ph\u00f2ng l\u00e0m vi\u1ec7c hay l\u00e0m qu\u00e0 t\u1eb7ng trang tr\u1ecdng, mang l\u1ea1i s\u1ef1 thanh t\u1ecbnh, may m\u1eafn v\u00e0 g\u1ee3i nh\u1edb ngu\u1ed3n c\u1ed9i.<\/p>\n<p>\u2728 \u0110\u1eb6C \u0110I\u1ec2M N\u1ed4I B\u1eacT:<br \/>\n\u2705 **T\u00e1c ph\u1ea9m \u0111\u1ed9c b\u1ea3n duy nh\u1ea5t**: VietSmart cam k\u1ebft ch\u1ec9 v\u1ebd m\u1ed9t s\u1ea3n ph\u1ea9m DUY NH\u1ea4T \u0111\u1ea3m b\u1ea3o quy\u1ec1n s\u1edf h\u1eefu t\u00e1c ph\u1ea9m ngh\u1ec7 thu\u1eadt c\u1ee7a kh\u00e1ch h\u00e0ng.<br \/>\n\u2705 **K\u1ebft h\u1ee3p AI &#038; ngh\u1ec7 thu\u1eadt th\u1ee7 c\u00f4ng**: S\u1ea3n ph\u1ea9m ho\u00e0n thi\u1ec7n theo \u0111\u01a1n \u0111\u1eb7t h\u00e0ng. T\u00e1c ph\u1ea9m \u0111\u01b0\u1ee3c s\u00e1ng t\u00e1c v\u00e0 c\u00e1 nh\u00e2n h\u00f3a b\u1eb1ng ph\u1ea7n m\u1ec1m Tr\u00ed tu\u1ec7 nh\u00e2n t\u1ea1o (AI) ti\u00ean ti\u1ebfn v\u00e0 \u0111\u01b0\u1ee3c v\u1ebd tay, ho\u00e0n thi\u1ec7n b\u1edfi h\u1ecda s\u0129.<br \/>\n\u2705 **Ch\u1ea5t l\u01b0\u1ee3ng ngh\u1ec7 thu\u1eadt cao**: T\u00e1c ph\u1ea9m \u0111\u01b0\u1ee3c v\u1ebd tay t\u1ef7 m\u1ef7 b\u1eb1ng ch\u1ea5t li\u1ec7u cao c\u1ea5p, c\u00f3 th\u1ec3 l\u01b0u gi\u1eef l\u00e2u d\u00e0i, gi\u00e1 tr\u1ecb gia t\u0103ng theo th\u1eddi gian.<br \/>\n\u2705 **Ph\u00f9 h\u1ee3p tr\u01b0ng b\u00e0y, l\u00e0m qu\u00e0 t\u1eb7ng, ho\u1eb7c s\u01b0u t\u1ea7m ngh\u1ec7 thu\u1eadt.**<br \/>\n\u2705 ** Ch\u1ee9ng nh\u1eadn b\u1ea3n quy\u1ec1n**: VietSmart cung c\u1ea5p gi\u1ea5y ch\u1ee9ng nh\u1eadn b\u1ea3n quy\u1ec1n cho t\u1eebng t\u00e1c ph\u1ea9m.<br \/>\n\u2705 ** B\u1ea3o h\u00e0nh 12 th\u00e1ng.**<\/p>\n<p>*** L\u01afU \u00dd: H\u00ecnh \u1ea3nh s\u1ea3n ph\u1ea9m ch\u1ec9 mang t\u00ednh minh h\u1ecda. VietSmart cam k\u1ebft s\u1ea3n ph\u1ea9m ho\u00e0n thi\u1ec7n gi\u1ed1ng v\u1edbi h\u00ecnh \u1ea3nh minh h\u1ecda t\u1eeb 90 &#8211; 100%. S\u1ea3n ph\u1ea9m cu\u1ed1i c\u00f9ng KH\u00d4NG bao g\u1ed3m khung tranh. C\u00f3 k\u00e8m theo ph\u1ee5 ki\u1ec7n \u0111\u1ec3 treo tranh tr\u1ef1c ti\u1ebfp l\u00ean t\u01b0\u1eddng. <\/p>\n","protected":false},"excerpt":{"rendered":"<p>Mang \u0111\u1eadm phong c\u00e1ch hi\u1ec7n th\u1ef1c, b\u1ee9c tranh t\u00e1i hi\u1ec7n Th\u00e1p R\u00f9a c\u1ed5 k\u00ednh soi b\u00f3ng xu\u1ed1ng m\u1eb7t n\u01b0\u1edbc H\u1ed3 G\u01b0\u01a1m trong kho\u1ea3nh kh\u1eafc ho\u00e0ng h\u00f4n huy\u1ec1n \u1ea3o. T\u1eebng m\u1ea3ng c\u00e2y, l\u00e0n n\u01b0\u1edbc, \u00e1nh s\u00e1ng v\u00e0 b\u00f3ng ph\u1ea3n chi\u1ebfu \u0111\u1ec1u \u0111\u01b0\u1ee3c th\u1ec3 hi\u1ec7n m\u1ed9t c\u00e1ch tinh x\u1ea3o, s\u1ed1ng \u0111\u1ed9ng nh\u01b0 th\u1eadt. \u0110\u00e2y kh\u00f4ng ch\u1ec9 l\u00e0 m\u1ed9t t\u00e1c ph\u1ea9m ngh\u1ec7 thu\u1eadt, m\u00e0 c\u00f2n l\u00e0 bi\u1ec3u t\u01b0\u1ee3ng v\u0103n h\u00f3a \u2013 l\u1ecbch s\u1eed linh thi\u00eang g\u1eafn b\u00f3 v\u1edbi tr\u00e1i tim ng\u01b0\u1eddi H\u00e0 N\u1ed9i.<\/p>\n<p>Ph\u00f9 h\u1ee3p \u0111\u1ec3 treo t\u1ea1i ph\u00f2ng kh\u00e1ch, ph\u00f2ng l\u00e0m vi\u1ec7c hay l\u00e0m qu\u00e0 t\u1eb7ng trang tr\u1ecdng, mang l\u1ea1i s\u1ef1 thanh t\u1ecbnh, may m\u1eafn v\u00e0 g\u1ee3i nh\u1edb ngu\u1ed3n c\u1ed9i.<\/p>\n","protected":false},"featured_media":2726,"template":"","meta":{"content-type":""},"product_brand":[],"product_cat":[89],"product_tag":[],"class_list":{"0":"post-2806","1":"product","2":"type-product","3":"status-publish","4":"has-post-thumbnail","6":"product_cat-hanoilandscapes","8":"first","9":"instock","10":"featured","11":"taxable","12":"shipping-taxable","13":"purchasable","14":"product-type-simple"},"jetpack_sharing_enabled":true,"_links":{"self":[{"href":"https:\/\/vietsmartart.vn\/index.php?rest_route=\/wp\/v2\/product\/2806","targetHints":{"allow":["GET"]}}],"collection":[{"href":"https:\/\/vietsmartart.vn\/index.php?rest_route=\/wp\/v2\/product"}],"about":[{"href":"https:\/\/vietsmartart.vn\/index.php?rest_route=\/wp\/v2\/types\/product"}],"wp:featuredmedia":[{"embeddable":true,"href":"https:\/\/vietsmartart.vn\/index.php?rest_route=\/wp\/v2\/media\/2726"}],"wp:attachment":[{"href":"https:\/\/vietsmartart.vn\/index.php?rest_route=%2Fwp%2Fv2%2Fmedia&parent=2806"}],"wp:term":[{"taxonomy":"product_brand","embeddable":true,"href":"https:\/\/vietsmartart.vn\/index.php?rest_route=%2Fwp%2Fv2%2Fproduct_brand&post=2806"},{"taxonomy":"product_cat","embeddable":true,"href":"https:\/\/vietsmartart.vn\/index.php?rest_route=%2Fwp%2Fv2%2Fproduct_cat&post=2806"},{"taxonomy":"product_tag","embeddable":true,"href":"https:\/\/vietsmartart.vn\/index.php?rest_route=%2Fwp%2Fv2%2Fproduct_tag&post=2806"}],"curies":[{"name":"wp","href":"https:\/\/api.w.org\/{rel}","templated":true}]}}