{"id":3058,"date":"2025-08-21T13:42:44","date_gmt":"2025-08-21T13:42:44","guid":{"rendered":"https:\/\/vietsmartart.vn\/?product=tranh-nghe-thuat-abc-vietsmart-art-acrylic-40-x-40cm"},"modified":"2025-08-24T05:36:58","modified_gmt":"2025-08-24T05:36:58","slug":"tranh-nghe-thuat-abc-vietsmart-art-acrylic-40-x-40cm","status":"publish","type":"product","link":"https:\/\/vietsmartart.vn\/?product=tranh-nghe-thuat-abc-vietsmart-art-acrylic-40-x-40cm","title":{"rendered":"Chi\u1ebfn \u0110\u1ea5u Gi\u1ea3i Ph\u00f3ng Th\u00e0nh Ph\u1ed1 Hu\u1ebf &#8211; Acrylic 40 x 40cm HV09"},"content":{"rendered":"<p>B\u1ee9c tranh \u201cChi\u1ebfn \u0110\u1ea5u Gi\u1ea3i Ph\u00f3ng Th\u00e0nh Ph\u1ed1 Hu\u1ebf\u201d t\u00e1i hi\u1ec7n h\u00ecnh \u1ea3nh quy\u1ebft li\u1ec7t v\u00e0 anh d\u0169ng c\u1ee7a nh\u1eefng chi\u1ebfn s\u0129 trong cu\u1ed9c T\u1ed5ng ti\u1ebfn c\u00f4ng v\u00e0 n\u1ed5i d\u1eady Xu\u00e2n M\u1eadu Th\u00e2n 1968. Gi\u1eefa kh\u00f3i l\u1eeda v\u00e0 nh\u1eefng d\u00e3y ph\u1ed1 \u0111\u1ed5 n\u00e1t, c\u00e1c chi\u1ebfn s\u0129 Gi\u1ea3i ph\u00f3ng v\u1edbi v\u0169 kh\u00ed trong tay ki\u00ean c\u01b0\u1eddng chi\u1ebfn \u0111\u1ea5u, th\u1ec3 hi\u1ec7n \u00fd ch\u00ed s\u1eaft \u0111\u00e1 v\u00e0 tinh th\u1ea7n qu\u1ea3 c\u1ea3m. S\u1ef1 ki\u1ec7n M\u1eadu Th\u00e2n 1968 l\u00e0 b\u01b0\u1edbc ngo\u1eb7t l\u1edbn trong cu\u1ed9c kh\u00e1ng chi\u1ebfn ch\u1ed1ng M\u1ef9, l\u00e0m rung chuy\u1ec3n \u00fd ch\u00ed x\u00e2m l\u01b0\u1ee3c c\u1ee7a Hoa K\u1ef3, \u0111\u1ed3ng th\u1eddi kh\u1eb3ng \u0111\u1ecbnh s\u1ee9c m\u1ea1nh chi\u1ebfn \u0111\u1ea5u v\u00e0 ni\u1ec1m tin t\u1ea5t th\u1eafng c\u1ee7a qu\u00e2n v\u00e0 d\u00e2n Vi\u1ec7t Nam. <\/p>\n<p>\u2728 Ph\u00f9 h\u1ee3p \u0111\u1ec3 treo t\u1ea1i ph\u00f2ng kh\u00e1ch, ph\u00f2ng l\u00e0m vi\u1ec7c, kh\u00f4ng gian tr\u01b0ng b\u00e0y, c\u01a1 quan, tr\u01b0\u1eddng h\u1ecdc, qu\u00e1n c\u00e0 ph\u00ea\u2026<br \/>\n\ud83c\udf81 L\u00e0 m\u00f3n qu\u00e0 t\u1eb7ng \u00fd ngh\u0129a cho b\u1ea1n b\u00e8, \u0111\u1ed3ng nghi\u1ec7p, kh\u00e1ch h\u00e0ng, ho\u1eb7c nh\u01b0 m\u1ed9t k\u1ef7 v\u1eadt thi\u00eang li\u00eang nh\u00e2n d\u1ecbp k\u1ef7 ni\u1ec7m l\u1ecbch s\u1eed tr\u1ecdng \u0111\u1ea1i.<br \/>\n\ud83c\udfa8 Tranh k\u1ef9 thu\u1eadt s\u1ed1 \u0111\u1ed9c \u0111\u00e1o, h\u00f2a quy\u1ec7n gi\u1eefa c\u00f4ng ngh\u1ec7 Tr\u00ed tu\u1ec7 nh\u00e2n t\u1ea1o hi\u1ec7n \u0111\u1ea1i v\u00e0 b\u00e0n tay tinh x\u1ea3o c\u1ee7a h\u1ecda s\u0129.<br \/>\n\ud83d\uddbc\ufe0f S\u1ea3n ph\u1ea9m ho\u00e0n thi\u1ec7n theo \u0111\u01a1n \u0111\u1eb7t h\u00e0ng \u2013 \u0111\u1ea3m b\u1ea3o \u0111\u1ed9c quy\u1ec1n, kh\u00f4ng tr\u00f9ng l\u1eb7p.<br \/>\n\ud83d\uded2 \u0110\u1eb7t ngay h\u00f4m nay \u0111\u1ec3 s\u1edf h\u1eefu t\u00e1c ph\u1ea9m ngh\u1ec7 thu\u1eadt mang kh\u00ed ph\u00e1ch anh h\u00f9ng v\u00e0 tinh th\u1ea7n h\u00f2a b\u00ecnh c\u1ee7a Vi\u1ec7t Nam!<\/p>\n<p>\u2728 \u0110\u1eb6C \u0110I\u1ec2M N\u1ed4I B\u1eacT:<br \/>\n\u2705 T\u00e1c ph\u1ea9m \u0111\u1ed9c b\u1ea3n duy nh\u1ea5t: VietSmart cam k\u1ebft ch\u1ec9 v\u1ebd m\u1ed9t s\u1ea3n ph\u1ea9m DUY NH\u1ea4T cho kh\u00e1ch h\u00e0ng, \u0111\u1ea3m b\u1ea3o gi\u00e1 tr\u1ecb s\u01b0u t\u1ea7m v\u00e0 quy\u1ec1n s\u1edf h\u1eefu.<br \/>\n\u2705 K\u1ebft h\u1ee3p AI &#038; ngh\u1ec7 thu\u1eadt th\u1ee7 c\u00f4ng: T\u00e1c ph\u1ea9m \u0111\u01b0\u1ee3c s\u00e1ng t\u00e1c tr\u00ean n\u1ec1n t\u1ea3ng AI hi\u1ec7n \u0111\u1ea1i, sau \u0111\u00f3 \u0111\u01b0\u1ee3c h\u1ecda s\u0129 ch\u1ec9nh s\u1eeda v\u00e0 ho\u00e0n thi\u1ec7n t\u1ec9 m\u1ec9.<br \/>\n\u2705 Ch\u1ea5t l\u01b0\u1ee3ng ngh\u1ec7 thu\u1eadt cao: V\u1ebd tay tr\u00ean ch\u1ea5t li\u1ec7u cao c\u1ea5p, b\u1ec1n m\u00e0u theo th\u1eddi gian, c\u00f3 gi\u00e1 tr\u1ecb ngh\u1ec7 thu\u1eadt v\u00e0 s\u01b0u t\u1ea7m l\u00e2u d\u00e0i.<br \/>\n\u2705 Ph\u00f9 h\u1ee3p \u0111\u1ec3 tr\u01b0ng b\u00e0y, t\u1eb7ng qu\u00e0 ho\u1eb7c l\u01b0u gi\u1eef nh\u01b0 m\u1ed9t k\u1ef7 v\u1eadt l\u1ecbch s\u1eed.<br \/>\n\u2705 Ch\u1ee9ng nh\u1eadn b\u1ea3n quy\u1ec1n &#038; b\u1ea3o h\u00e0nh 12 th\u00e1ng: M\u1ed7i t\u00e1c ph\u1ea9m \u0111i k\u00e8m gi\u1ea5y ch\u1ee9ng nh\u1eadn b\u1ea3n quy\u1ec1n v\u00e0 ch\u00ednh s\u00e1ch b\u1ea3o h\u00e0nh.<\/p>\n<p>\ud83d\udca1 Tranh thu\u1ed9c chi\u1ebfn d\u1ecbch Heroic Vietnam \u2013 Vi\u1ec7t Nam Anh H\u00f9ng, ch\u00e0o m\u1eebng 80 n\u0103m \u0111\u1ed9c l\u1eadp v\u00e0 50 n\u0103m th\u1ed1ng nh\u1ea5t \u0111\u1ea5t n\u01b0\u1edbc, v\u00e0 c\u00f3 th\u1ec3 \u0111\u01b0\u1ee3c ph\u00e1t tri\u1ec3n d\u1ef1a tr\u00ean c\u00e1c h\u00ecnh \u1ea3nh l\u1ecbch s\u1eed.<\/p>\n<p>*** L\u01afU \u00dd: H\u00ecnh \u1ea3nh s\u1ea3n ph\u1ea9m ch\u1ec9 mang t\u00ednh minh h\u1ecda. VietSmart cam k\u1ebft s\u1ea3n ph\u1ea9m ho\u00e0n thi\u1ec7n gi\u1ed1ng v\u1edbi h\u00ecnh \u1ea3nh minh h\u1ecda t\u1eeb 90 &#8211; 100%. C\u00f3 k\u00e8m theo ph\u1ee5 ki\u1ec7n \u0111\u1ec3 treo tranh tr\u1ef1c ti\u1ebfp l\u00ean t\u01b0\u1eddng. S\u1ea3n ph\u1ea9m cu\u1ed1i c\u00f9ng KH\u00d4NG bao g\u1ed3m khung tranh.  <\/p>\n<p>VietSmart l\u00e0 c\u00f4ng ty kh\u1edfi nghi\u1ec7p, \u0111i \u0111\u1ea7u trong l\u0129nh v\u1ef1c s\u1eed d\u1ee5ng Tr\u00ed tu\u1ec7 nh\u00e2n t\u1ea1o (AI) trong s\u00e1ng t\u00e1c c\u00e1c t\u00e1c ph\u1ea9m ngh\u1ec7 thu\u1eadt. VietSmart c\u00e1ch m\u1ea1ng ho\u00e1 c\u00e1ch con ng\u01b0\u1eddi tr\u1ea3i nghi\u1ec7m v\u00e0 t\u01b0\u01a1ng t\u00e1c v\u1edbi ngh\u1ec7 thu\u1eadt, cung c\u1ea5p d\u1ecbch v\u1ee5 ngh\u1ec7 thu\u1eadt ch\u1ea5t l\u01b0\u1ee3ng cao, gi\u00e1 c\u1ea3 h\u1ee3p l\u00fd cho kh\u00e1ch h\u00e0ng. <\/p>\n<p>VIETSMART &#8211; Bring Art To Your Home<\/p>\n<p>#tranh #tranhnghethuat #tranhchandung #tranhcodo #tranhvietsmart #tranhvetay #tranhchienthang #tranhchandunganhhung #tranhviettiepcauchuyenhoabinh #tranhkyniem #tranh80namdoclap #tranh50namthongnhat #tranhphongcachco\u0111ong #nghethuat #tranhvetheoyeucau #tranhdecor #quatangnghethuat #tranhlichsu #tranhheroicvietnam<\/p>\n","protected":false},"excerpt":{"rendered":"<p>B\u1ee9c tranh \u201cChi\u1ebfn \u0110\u1ea5u Gi\u1ea3i Ph\u00f3ng Th\u00e0nh Ph\u1ed1 Hu\u1ebf\u201d t\u00e1i hi\u1ec7n h\u00ecnh \u1ea3nh quy\u1ebft li\u1ec7t v\u00e0 anh d\u0169ng c\u1ee7a nh\u1eefng chi\u1ebfn s\u0129 trong cu\u1ed9c T\u1ed5ng ti\u1ebfn c\u00f4ng v\u00e0 n\u1ed5i d\u1eady Xu\u00e2n M\u1eadu Th\u00e2n 1968. Gi\u1eefa kh\u00f3i l\u1eeda v\u00e0 nh\u1eefng d\u00e3y ph\u1ed1 \u0111\u1ed5 n\u00e1t, c\u00e1c chi\u1ebfn s\u0129 Gi\u1ea3i ph\u00f3ng v\u1edbi v\u0169 kh\u00ed trong tay ki\u00ean c\u01b0\u1eddng chi\u1ebfn \u0111\u1ea5u, th\u1ec3 hi\u1ec7n \u00fd ch\u00ed s\u1eaft \u0111\u00e1 v\u00e0 tinh th\u1ea7n qu\u1ea3 c\u1ea3m. S\u1ef1 ki\u1ec7n M\u1eadu Th\u00e2n 1968 l\u00e0 b\u01b0\u1edbc ngo\u1eb7t l\u1edbn trong cu\u1ed9c kh\u00e1ng chi\u1ebfn ch\u1ed1ng M\u1ef9, l\u00e0m rung chuy\u1ec3n \u00fd ch\u00ed x\u00e2m l\u01b0\u1ee3c c\u1ee7a Hoa K\u1ef3, \u0111\u1ed3ng th\u1eddi kh\u1eb3ng \u0111\u1ecbnh s\u1ee9c m\u1ea1nh chi\u1ebfn \u0111\u1ea5u v\u00e0 ni\u1ec1m tin t\u1ea5t th\u1eafng c\u1ee7a qu\u00e2n v\u00e0 d\u00e2n Vi\u1ec7t Nam. <\/p>\n","protected":false},"featured_media":2882,"template":"","meta":{"content-type":""},"product_brand":[],"product_cat":[91],"product_tag":[],"class_list":{"0":"post-3058","1":"product","2":"type-product","3":"status-publish","4":"has-post-thumbnail","6":"product_cat-heroic-vietnam","8":"first","9":"instock","10":"featured","11":"taxable","12":"shipping-taxable","13":"purchasable","14":"product-type-simple"},"jetpack_sharing_enabled":true,"_links":{"self":[{"href":"https:\/\/vietsmartart.vn\/index.php?rest_route=\/wp\/v2\/product\/3058","targetHints":{"allow":["GET"]}}],"collection":[{"href":"https:\/\/vietsmartart.vn\/index.php?rest_route=\/wp\/v2\/product"}],"about":[{"href":"https:\/\/vietsmartart.vn\/index.php?rest_route=\/wp\/v2\/types\/product"}],"wp:featuredmedia":[{"embeddable":true,"href":"https:\/\/vietsmartart.vn\/index.php?rest_route=\/wp\/v2\/media\/2882"}],"wp:attachment":[{"href":"https:\/\/vietsmartart.vn\/index.php?rest_route=%2Fwp%2Fv2%2Fmedia&parent=3058"}],"wp:term":[{"taxonomy":"product_brand","embeddable":true,"href":"https:\/\/vietsmartart.vn\/index.php?rest_route=%2Fwp%2Fv2%2Fproduct_brand&post=3058"},{"taxonomy":"product_cat","embeddable":true,"href":"https:\/\/vietsmartart.vn\/index.php?rest_route=%2Fwp%2Fv2%2Fproduct_cat&post=3058"},{"taxonomy":"product_tag","embeddable":true,"href":"https:\/\/vietsmartart.vn\/index.php?rest_route=%2Fwp%2Fv2%2Fproduct_tag&post=3058"}],"curies":[{"name":"wp","href":"https:\/\/api.w.org\/{rel}","templated":true}]}}